{"id":663,"date":"2019-02-02T18:00:58","date_gmt":"2019-02-02T18:00:58","guid":{"rendered":"https:\/\/gymtonico.com\/landing\/?page_id=663"},"modified":"2019-02-27T10:29:38","modified_gmt":"2019-02-27T10:29:38","slug":"nutricao-nutella","status":"publish","type":"page","link":"https:\/\/gymtonico.com\/landing\/nutricao-nutella\/","title":{"rendered":"Nutri\u00e7\u00e3o Nutella"},"content":{"rendered":"[vc_row type=&#8221;in_container&#8221; full_screen_row_position=&#8221;middle&#8221; scene_position=&#8221;center&#8221; text_color=&#8221;dark&#8221; text_align=&#8221;left&#8221; overlay_strength=&#8221;0.3&#8243; shape_divider_position=&#8221;bottom&#8221;][vc_column column_padding=&#8221;no-extra-padding&#8221; column_padding_position=&#8221;all&#8221; background_color_opacity=&#8221;1&#8243; background_hover_color_opacity=&#8221;1&#8243; column_link_target=&#8221;_self&#8221; column_shadow=&#8221;none&#8221; column_border_radius=&#8221;none&#8221; width=&#8221;1\/1&#8243; tablet_width_inherit=&#8221;default&#8221; tablet_text_alignment=&#8221;default&#8221; phone_text_alignment=&#8221;default&#8221; column_border_width=&#8221;none&#8221; column_border_style=&#8221;solid&#8221;][vc_column_text]\n<h1><span style=\"color: #99cc00;\"><strong>Creme de Cacau e Avel\u00e3s<\/strong><\/span><\/h1>\n<p>&nbsp;<\/p>\n<h3>E quem n\u00e3o gosta de Nutella? Com certeza que h\u00e1 quem n\u00e3o goste mas os amantes n\u00e3o\u00a0lhe conseguem resistir. A Nutella original \u00e9 bastante rica em gordura de palma refinada e a\u00e7\u00facar, dois ingredientes cujo consumo deve ser bastante limitado por terem efeitos menos ben\u00e9ficos para a nossa sa\u00fade.<\/h3>\n<h3>A nossa nutricionista Ana Rita Lebreiro tamb\u00e9m confessa gostar de Nutella mas resolveu experimentar fazer uma vers\u00e3o bem mais saud\u00e1vel, por hoje ser o Dia Mundial da Nutella. Resultado, ela tem que se controlar para n\u00e3o comer \u00e0 colher! Acho que depois disto vai ter mesmo que se aventurar a fazer este Creme de Cacau e Avel\u00e3s.<\/h3>\n<h3><span style=\"color: #99cc00;\">Vai precisar de:<\/span><\/h3>\n<h3><span style=\"color: #99cc00;\">500g de avel\u00e3s sem casca<\/span><br \/>\n<span style=\"color: #99cc00;\">6 colheres de sopa de geleia de arroz<\/span><br \/>\n<span style=\"color: #99cc00;\">3 colheres de sopa de cacau cru em p\u00f3<\/span><br \/>\n<span style=\"color: #99cc00;\">1\/2 ch\u00e1vena de \u00e1gua<\/span><\/h3>\n<h3>Primeiro toste as avel\u00e3s no forno. Retire e deixe arrefecer completamente. Quando estiverem frias deite-as num robot de cozinha e v\u00e1 triturando at\u00e9 reduzir o mais poss\u00edvel. Vai demorar algum tempo e vai ter que ir parando e tirando a massa que se acumula nas paredes do copo do robot de cozinha. Vai ficar uma massa muito h\u00famida. Depois adicione a geleia de arroz e o cacau. Volte a triturar. A seguir v\u00e1 adicionando a \u00e1gua gradualmente at\u00e9 ficar com a textura que quiser (eu n\u00e3o cheguei a deitar tudo,<br \/>\nporque gosto dela mais presa).<\/h3>\n<h3>Prove e se precisar de ajustar o sabor doce deite um pouco mais de geleia de arroz, para mim a quantidade utilizada foi suficiente. Guarde num recipiente herm\u00e9tico!<\/h3>\n[\/vc_column_text][\/vc_column][\/vc_row][vc_row type=&#8221;in_container&#8221; full_screen_row_position=&#8221;middle&#8221; scene_position=&#8221;center&#8221; text_color=&#8221;dark&#8221; text_align=&#8221;left&#8221; overlay_strength=&#8221;0.3&#8243; shape_divider_position=&#8221;bottom&#8221;][vc_column column_padding=&#8221;no-extra-padding&#8221; column_padding_position=&#8221;all&#8221; background_color_opacity=&#8221;1&#8243; background_hover_color_opacity=&#8221;1&#8243; column_link_target=&#8221;_self&#8221; column_shadow=&#8221;none&#8221; column_border_radius=&#8221;none&#8221; width=&#8221;1\/1&#8243; tablet_width_inherit=&#8221;default&#8221; tablet_text_alignment=&#8221;default&#8221; phone_text_alignment=&#8221;default&#8221; column_border_width=&#8221;none&#8221; column_border_style=&#8221;solid&#8221;][nectar_image_with_hotspots image=&#8221;661&#8243; preview=&#8221;https:\/\/gymtonico.com\/landing\/wp-content\/uploads\/2019\/02\/5-FEV-Nutri.jpg&#8221; color_1=&#8221;Accent-Color&#8221; hotspot_icon=&#8221;plus_sign&#8221; tooltip=&#8221;hover&#8221; tooltip_shadow=&#8221;none&#8221;][\/nectar_image_with_hotspots][\/vc_column][\/vc_row]\n","protected":false},"excerpt":{"rendered":"<p>[vc_row type=&#8221;in_container&#8221; full_screen_row_position=&#8221;middle&#8221; scene_position=&#8221;center&#8221; text_color=&#8221;dark&#8221; text_align=&#8221;left&#8221; overlay_strength=&#8221;0.3&#8243; shape_divider_position=&#8221;bottom&#8221;][vc_column column_padding=&#8221;no-extra-padding&#8221; column_padding_position=&#8221;all&#8221; background_color_opacity=&#8221;1&#8243; background_hover_color_opacity=&#8221;1&#8243; column_link_target=&#8221;_self&#8221; column_shadow=&#8221;none&#8221; column_border_radius=&#8221;none&#8221; width=&#8221;1\/1&#8243; tablet_width_inherit=&#8221;default&#8221; tablet_text_alignment=&#8221;default&#8221; phone_text_alignment=&#8221;default&#8221; column_border_width=&#8221;none&#8221; column_border_style=&#8221;solid&#8221;][vc_column_text] Creme de Cacau e Avel\u00e3s &nbsp; E quem n\u00e3o&#8230;<\/p>\n","protected":false},"author":2,"featured_media":0,"parent":0,"menu_order":0,"comment_status":"closed","ping_status":"closed","template":"","meta":[],"_links":{"self":[{"href":"https:\/\/gymtonico.com\/landing\/wp-json\/wp\/v2\/pages\/663"}],"collection":[{"href":"https:\/\/gymtonico.com\/landing\/wp-json\/wp\/v2\/pages"}],"about":[{"href":"https:\/\/gymtonico.com\/landing\/wp-json\/wp\/v2\/types\/page"}],"author":[{"embeddable":true,"href":"https:\/\/gymtonico.com\/landing\/wp-json\/wp\/v2\/users\/2"}],"replies":[{"embeddable":true,"href":"https:\/\/gymtonico.com\/landing\/wp-json\/wp\/v2\/comments?post=663"}],"version-history":[{"count":6,"href":"https:\/\/gymtonico.com\/landing\/wp-json\/wp\/v2\/pages\/663\/revisions"}],"predecessor-version":[{"id":694,"href":"https:\/\/gymtonico.com\/landing\/wp-json\/wp\/v2\/pages\/663\/revisions\/694"}],"wp:attachment":[{"href":"https:\/\/gymtonico.com\/landing\/wp-json\/wp\/v2\/media?parent=663"}],"curies":[{"name":"wp","href":"https:\/\/api.w.org\/{rel}","templated":true}]}}