{"id":842,"date":"2020-02-04T17:37:46","date_gmt":"2020-02-04T17:37:46","guid":{"rendered":"https:\/\/gymtonico.com\/landing\/?page_id=842"},"modified":"2020-02-04T17:56:16","modified_gmt":"2020-02-04T17:56:16","slug":"qualityoncolifeprogram-viver-em-braga","status":"publish","type":"page","link":"https:\/\/gymtonico.com\/landing\/qualityoncolifeprogram-viver-em-braga\/","title":{"rendered":"Quality Onco Life Program &#8211; Viver em Braga"},"content":{"rendered":"[vc_row type=&#8221;full_width_background&#8221; full_screen_row_position=&#8221;middle&#8221; equal_height=&#8221;yes&#8221; content_placement=&#8221;middle&#8221; bg_image=&#8221;837&#8243; bg_position=&#8221;left top&#8221; bg_repeat=&#8221;no-repeat&#8221; scene_position=&#8221;center&#8221; text_color=&#8221;light&#8221; text_align=&#8221;left&#8221; row_name=&#8221;Intro&#8221; overlay_strength=&#8221;0.8&#8243; shape_divider_position=&#8221;bottom&#8221; shape_type=&#8221;&#8221;][vc_column column_padding=&#8221;no-extra-padding&#8221; column_padding_position=&#8221;all&#8221; background_color_opacity=&#8221;1&#8243; background_hover_color_opacity=&#8221;1&#8243; column_link_target=&#8221;_self&#8221; column_shadow=&#8221;none&#8221; column_border_radius=&#8221;none&#8221; width=&#8221;1\/4&#8243; tablet_width_inherit=&#8221;default&#8221; tablet_text_alignment=&#8221;default&#8221; phone_text_alignment=&#8221;default&#8221; column_border_width=&#8221;none&#8221; column_border_style=&#8221;solid&#8221; offset=&#8221;vc_hidden-sm vc_hidden-xs&#8221;][\/vc_column][vc_column centered_text=&#8221;true&#8221; column_padding=&#8221;padding-3-percent&#8221; column_padding_position=&#8221;bottom&#8221; background_color_opacity=&#8221;0.8&#8243; background_hover_color_opacity=&#8221;0.9&#8243; column_link_target=&#8221;_self&#8221; column_shadow=&#8221;none&#8221; column_border_radius=&#8221;none&#8221; top_margin=&#8221;3%&#8221; bottom_margin=&#8221;3%&#8221; width=&#8221;1\/2&#8243; tablet_width_inherit=&#8221;default&#8221; tablet_text_alignment=&#8221;default&#8221; phone_text_alignment=&#8221;default&#8221; column_border_width=&#8221;none&#8221; column_border_style=&#8221;solid&#8221;][vc_row_inner column_margin=&#8221;default&#8221; text_align=&#8221;left&#8221;][vc_column_inner enable_animation=&#8221;true&#8221; animation=&#8221;fade-in-from-bottom&#8221; column_padding=&#8221;padding-5-percent&#8221; column_padding_position=&#8221;all&#8221; background_color=&#8221;#000000&#8243; background_color_opacity=&#8221;0.8&#8243; background_color_hover=&#8221;#000000&#8243; background_hover_color_opacity=&#8221;0.9&#8243; column_shadow=&#8221;x_large_depth&#8221; column_border_radius=&#8221;20px&#8221; bottom_margin=&#8221;3%&#8221; column_link_target=&#8221;_self&#8221; width=&#8221;1\/1&#8243; tablet_width_inherit=&#8221;default&#8221; column_border_width=&#8221;none&#8221; column_border_style=&#8221;solid&#8221; delay=&#8221;300&#8243;][divider line_type=&#8221;No Line&#8221; custom_height=&#8221;5&#8243;][divider line_type=&#8221;No Line&#8221; custom_height=&#8221;5&#8243;][split_line_heading]\n<h4><\/h4>\n<h4><\/h4>\n<h4><\/h4>\n<h5><\/h5>\n<blockquote>\n<h2>Quality Onco Life Program<\/h2>\n<h5><em>Exerc\u00edcio F\u00edsico: durante e ap\u00f3s os tratamentos oncol\u00f3gicos<\/em><\/h5>\n<h4><span style=\"color: #90bc11;\">PROGRAMA DE PARTICIPA\u00c7\u00c3O GRATUITA<\/span><\/h4>\n<\/blockquote>\n[\/split_line_heading][divider line_type=&#8221;No Line&#8221; custom_height=&#8221;5&#8243;][divider line_type=&#8221;No Line&#8221; custom_height=&#8221;20&#8243;]<div class=\"ult-modal-input-wrapper ult-adjust-bottom-margin\"><button style=\"background:#db1c22;border-color:#db1c22;color:#ffffff;\" data-class-id=\"content-69f54816b9b598-69685194\" class=\"btn-modal btn-primary btn-modal-lg overlay-show caixa_popup-button  ult-align-center\" data-overlay-class=\"overlay-zoomin\">Saber Mais Clique AQUI<\/button><\/div>\n<div class=\"ult-overlay content-69f54816b9b598-69685194 caixa_popup\" data-class=\"content-69f54816b9b598-69685194\" id=\"button-click-overlay\" style=\"background:rgba(0,0,0,0.8); display:none;\">\n\t<div class=\"ult_modal ult-fade ult-small\">\n\t\t<div class=\"ult_modal-content\" style=\"border-style:solid;border-width:10px;border-radius:40px;border-color:#90bc11;\">\n\t\t\t<div class=\"ult_modal-body ult-html\" style=\"color:#000000;\">\n\t\t\t\n<h2><span style=\"color: #90bc11;\">SAIBA MAIS e tenha acesso a este PROGRAMA DE EXERC\u00cdCIO F\u00cdSICO GRATUITO.<\/span><\/h2>\n<ul>\n<li>30 VAGAS<\/li>\n<li>16 SEMANAS<\/li>\n<li>2x\/semana<\/li>\n<li>50 minutos por sess\u00e3o<\/li>\n<\/ul>\n<h3><\/h3>\n<p>&nbsp;<\/p>\n<p style=\"text-align: left;\"><div role=\"form\" class=\"wpcf7\" id=\"wpcf7-f845-o1\" lang=\"pt-PT\" dir=\"ltr\">\n<div class=\"screen-reader-response\"><\/div>\n<form action=\"\/landing\/wp-json\/wp\/v2\/pages\/842#wpcf7-f845-o1\" method=\"post\" class=\"wpcf7-form\" novalidate=\"novalidate\">\n<div style=\"display: none;\">\n<input type=\"hidden\" name=\"_wpcf7\" value=\"845\" \/>\n<input type=\"hidden\" name=\"_wpcf7_version\" value=\"5.0.4\" \/>\n<input type=\"hidden\" name=\"_wpcf7_locale\" value=\"pt_PT\" \/>\n<input type=\"hidden\" name=\"_wpcf7_unit_tag\" value=\"wpcf7-f845-o1\" \/>\n<input type=\"hidden\" name=\"_wpcf7_container_post\" value=\"0\" \/>\n<\/div>\n<p><label> Nome<br \/>\n    <span class=\"wpcf7-form-control-wrap your-name\"><input type=\"text\" name=\"your-name\" value=\"\" size=\"40\" class=\"wpcf7-form-control wpcf7-text wpcf7-validates-as-required\" aria-required=\"true\" aria-invalid=\"false\" \/><\/span> <\/label><\/p>\n<p><label> Tipo de Doen\u00e7a Oncol\u00f3gica<br \/>\n<span class=\"wpcf7-form-control-wrap your-doenca\"><input type=\"text\" name=\"your-doenca\" value=\"\" size=\"40\" class=\"wpcf7-form-control wpcf7-text\" aria-invalid=\"false\" \/><\/span> <\/label><\/p>\n<p><label> Fase da Doen\u00e7a (ex: em tratamento, p\u00f3s-tratamento, p\u00f3s cirurgia, ...)<br \/>\n<span class=\"wpcf7-form-control-wrap your-estado\"><input type=\"text\" name=\"your-estado\" value=\"\" size=\"40\" class=\"wpcf7-form-control wpcf7-text\" aria-invalid=\"false\" \/><\/span> <\/label><\/p>\n<p><label> Idade<br \/>\n<span class=\"wpcf7-form-control-wrap your-idade\"><input type=\"number\" name=\"your-idade\" value=\"\" class=\"wpcf7-form-control wpcf7-number wpcf7-validates-as-number\" aria-invalid=\"false\" \/><\/span> <\/label><\/p>\n<p><label> Telem\u00f3vel<br \/>\n    <span class=\"wpcf7-form-control-wrap tel-134\"><input type=\"tel\" name=\"tel-134\" value=\"\" size=\"40\" class=\"wpcf7-form-control wpcf7-text wpcf7-tel wpcf7-validates-as-required wpcf7-validates-as-tel\" aria-required=\"true\" aria-invalid=\"false\" \/><\/span> <\/label><\/p>\n<p><label> Email<br \/>\n    <span class=\"wpcf7-form-control-wrap your-email\"><input type=\"email\" name=\"your-email\" value=\"\" size=\"40\" class=\"wpcf7-form-control wpcf7-text wpcf7-email wpcf7-validates-as-required wpcf7-validates-as-email\" aria-required=\"true\" aria-invalid=\"false\" \/><\/span> <\/label><\/p>\n<p><input type=\"submit\" value=\"ENVIAR\" class=\"wpcf7-form-control wpcf7-submit\" \/><\/p>\n<div class=\"wpcf7-response-output wpcf7-display-none\"><\/div><\/form><\/div>\n\n\t\t\t<\/div>\n\t<\/div>\n\t<\/div>\n\t<div class=\"ult-overlay-close\">Close<\/div>\n<\/div>[vc_column_text max_width=&#8221;400px&#8221;]<span style=\"font-size: 8pt;\">Ao submeter este formul\u00e1rio est\u00e1 a aceitar ser contactado pelo <em>Gym T\u00f3nico &#8211; Wellness Center<\/em> e a concordar com o\u00a0<a href=\"https:\/\/gymtonico.com\/novo\/regulamento-politica-de-privacidade\/\" target=\"_blank\" rel=\"noopener\">Regulamento &amp; Pol\u00edtica de Privacidade<\/a><\/span>[\/vc_column_text][divider line_type=&#8221;No Line&#8221; custom_height=&#8221;20&#8243;][\/vc_column_inner][\/vc_row_inner][\/vc_column][vc_column column_padding=&#8221;no-extra-padding&#8221; column_padding_position=&#8221;all&#8221; background_color_opacity=&#8221;1&#8243; background_hover_color_opacity=&#8221;1&#8243; column_link_target=&#8221;_self&#8221; column_shadow=&#8221;none&#8221; column_border_radius=&#8221;none&#8221; width=&#8221;1\/4&#8243; tablet_width_inherit=&#8221;default&#8221; tablet_text_alignment=&#8221;default&#8221; phone_text_alignment=&#8221;default&#8221; column_border_width=&#8221;none&#8221; column_border_style=&#8221;solid&#8221; offset=&#8221;vc_hidden-sm vc_hidden-xs&#8221;][\/vc_column][\/vc_row]\n","protected":false},"excerpt":{"rendered":"<p>[vc_row type=&#8221;full_width_background&#8221; full_screen_row_position=&#8221;middle&#8221; equal_height=&#8221;yes&#8221; content_placement=&#8221;middle&#8221; bg_image=&#8221;837&#8243; bg_position=&#8221;left top&#8221; bg_repeat=&#8221;no-repeat&#8221; scene_position=&#8221;center&#8221; text_color=&#8221;light&#8221; text_align=&#8221;left&#8221; row_name=&#8221;Intro&#8221; overlay_strength=&#8221;0.8&#8243; shape_divider_position=&#8221;bottom&#8221; shape_type=&#8221;&#8221;][vc_column column_padding=&#8221;no-extra-padding&#8221; column_padding_position=&#8221;all&#8221; background_color_opacity=&#8221;1&#8243; background_hover_color_opacity=&#8221;1&#8243; column_link_target=&#8221;_self&#8221; column_shadow=&#8221;none&#8221; column_border_radius=&#8221;none&#8221; width=&#8221;1\/4&#8243; tablet_width_inherit=&#8221;default&#8221; tablet_text_alignment=&#8221;default&#8221; phone_text_alignment=&#8221;default&#8221; column_border_width=&#8221;none&#8221; column_border_style=&#8221;solid&#8221; offset=&#8221;vc_hidden-sm&#8230;<\/p>\n","protected":false},"author":2,"featured_media":0,"parent":0,"menu_order":0,"comment_status":"closed","ping_status":"closed","template":"","meta":[],"_links":{"self":[{"href":"https:\/\/gymtonico.com\/landing\/wp-json\/wp\/v2\/pages\/842"}],"collection":[{"href":"https:\/\/gymtonico.com\/landing\/wp-json\/wp\/v2\/pages"}],"about":[{"href":"https:\/\/gymtonico.com\/landing\/wp-json\/wp\/v2\/types\/page"}],"author":[{"embeddable":true,"href":"https:\/\/gymtonico.com\/landing\/wp-json\/wp\/v2\/users\/2"}],"replies":[{"embeddable":true,"href":"https:\/\/gymtonico.com\/landing\/wp-json\/wp\/v2\/comments?post=842"}],"version-history":[{"count":4,"href":"https:\/\/gymtonico.com\/landing\/wp-json\/wp\/v2\/pages\/842\/revisions"}],"predecessor-version":[{"id":850,"href":"https:\/\/gymtonico.com\/landing\/wp-json\/wp\/v2\/pages\/842\/revisions\/850"}],"wp:attachment":[{"href":"https:\/\/gymtonico.com\/landing\/wp-json\/wp\/v2\/media?parent=842"}],"curies":[{"name":"wp","href":"https:\/\/api.w.org\/{rel}","templated":true}]}}